{"id":110,"date":"2024-08-16T12:04:08","date_gmt":"2024-08-16T10:04:08","guid":{"rendered":"https:\/\/www.jal-sophrologue.com\/?page_id=110"},"modified":"2024-09-19T12:07:45","modified_gmt":"2024-09-19T10:07:45","slug":"contact-et-rendez-vous","status":"publish","type":"page","link":"https:\/\/www.jal-sophrologue.com\/index.php\/contact-et-rendez-vous\/","title":{"rendered":"Contact"},"content":{"rendered":"<p>[et_pb_section fb_built=\u00a0\u00bb1&Prime; admin_label=\u00a0\u00bbHeader\u00a0\u00bb _builder_version=\u00a0\u00bb4.27.0&Prime; background_color=\u00a0\u00bb#e8e8e8&Prime; background_image=\u00a0\u00bbhttps:\/\/www.jal-sophrologue.com\/wp-content\/uploads\/2024\/08\/yoga-pattern-01-1.png\u00a0\u00bb background_size=\u00a0\u00bbinitial\u00a0\u00bb background_position=\u00a0\u00bbtop_left\u00a0\u00bb background_repeat=\u00a0\u00bbrepeat\u00a0\u00bb custom_margin=\u00a0\u00bb||-45px|||\u00a0\u00bb global_colors_info=\u00a0\u00bb{}\u00a0\u00bb][et_pb_row column_structure=\u00a0\u00bb2_3,1_3&Prime; _builder_version=\u00a0\u00bb4.27.0&Prime; _module_preset=\u00a0\u00bbdefault\u00a0\u00bb global_colors_info=\u00a0\u00bb{}\u00a0\u00bb][et_pb_column type=\u00a0\u00bb2_3&Prime; _builder_version=\u00a0\u00bb4.27.0&Prime; _module_preset=\u00a0\u00bbdefault\u00a0\u00bb global_colors_info=\u00a0\u00bb{}\u00a0\u00bb][et_pb_text _builder_version=\u00a0\u00bb4.27.0&Prime; _module_preset=\u00a0\u00bbdefault\u00a0\u00bb text_text_color=\u00a0\u00bb#033b5c\u00a0\u00bb global_colors_info=\u00a0\u00bb{}\u00a0\u00bb]<\/p>\n<h1><span style=\"color: windowtext;\"><strong>JAL Sophrologie : votre sophrologue \u00e0 Senlis, sp\u00e9cialiste en gestion du stress<\/strong><o:p><\/o:p><\/span><\/h1>\n<p>&nbsp;<\/p>\n<p>Vous cherchez une m\u00e9thode douce et efficace pour mieux g\u00e9rer votre stress au quotidien ? En tant que sophrologue \u00e0 Senlis, je suis <strong>sp\u00e9cialis\u00e9e dans l\u2019accompagnement des adultes souhaitant retrouver calme et s\u00e9r\u00e9nit\u00e9<\/strong>. La sophrologie, \u00e0 travers des techniques de relaxation et de respiration, vous aide \u00e0 d\u00e9velopper vos propres ressources pour faire face aux d\u00e9fis de la vie moderne. Que vous souffriez de fatigue, de tensions accumul\u00e9es, ou que vous souhaitiez simplement am\u00e9liorer votre bien-\u00eatre g\u00e9n\u00e9ral, je vous propose des <strong>s\u00e9ances personnalis\u00e9es<\/strong> pour vous accompagner vers un mieux-\u00eatre durable.<\/p>\n<p>Je suis ravie de vous aider \u00e0 d\u00e9couvrir les bienfaits de la sophrologie. Vous pouvez me contacter via les informations ci-dessous ou r\u00e9server directement une s\u00e9ance.<\/p>\n<p>[\/et_pb_text][\/et_pb_column][et_pb_column type=\u00a0\u00bb1_3&Prime; _builder_version=\u00a0\u00bb4.27.0&Prime; _module_preset=\u00a0\u00bbdefault\u00a0\u00bb global_colors_info=\u00a0\u00bb{}\u00a0\u00bb][et_pb_image src=\u00a0\u00bbhttps:\/\/www.jal-sophrologue.com\/wp-content\/uploads\/2024\/08\/janetta-sophrologue-senlis-scaled.jpg\u00a0\u00bb alt=\u00a0\u00bbsophrologue-senlis-gestion-stress-adultes\u00a0\u00bb title_text=\u00a0\u00bbjanetta-sophrologue-senlis\u00a0\u00bb _builder_version=\u00a0\u00bb4.27.0&Prime; _module_preset=\u00a0\u00bbdefault\u00a0\u00bb width=\u00a0\u00bb94.7%\u00a0\u00bb custom_margin=\u00a0\u00bb104px|||||\u00a0\u00bb custom_padding=\u00a0\u00bb|147px||12px||\u00a0\u00bb global_colors_info=\u00a0\u00bb{}\u00a0\u00bb][\/et_pb_image][\/et_pb_column][\/et_pb_row][et_pb_row _builder_version=\u00a0\u00bb4.27.0&Prime; _module_preset=\u00a0\u00bbdefault\u00a0\u00bb global_colors_info=\u00a0\u00bb{}\u00a0\u00bb][et_pb_column type=\u00a0\u00bb4_4&Prime; _builder_version=\u00a0\u00bb4.27.0&Prime; _module_preset=\u00a0\u00bbdefault\u00a0\u00bb global_colors_info=\u00a0\u00bb{}\u00a0\u00bb][et_pb_text _builder_version=\u00a0\u00bb4.27.0&Prime; _module_preset=\u00a0\u00bbdefault\u00a0\u00bb text_text_color=\u00a0\u00bb#033b5c\u00a0\u00bb global_colors_info=\u00a0\u00bb{}\u00a0\u00bb]<\/p>\n<h2><strong>Comment me joindre<\/strong><\/h2>\n<p>&nbsp;<\/p>\n<p>Vous pouvez me contacter par e-mail, par SMS ou par t\u00e9l\u00e9phone pour poser vos questions ou solliciter un rendez-vous.<\/p>\n<p>[\/et_pb_text][\/et_pb_column][\/et_pb_row][et_pb_row column_structure=\u00a0\u00bb1_2,1_2&Prime; _builder_version=\u00a0\u00bb4.27.0&Prime; _module_preset=\u00a0\u00bbdefault\u00a0\u00bb custom_margin=\u00a0\u00bb|auto||409px||\u00a0\u00bb custom_padding=\u00a0\u00bb8px|||0px||\u00a0\u00bb global_colors_info=\u00a0\u00bb{}\u00a0\u00bb][et_pb_column type=\u00a0\u00bb1_2&Prime; _builder_version=\u00a0\u00bb4.27.0&Prime; _module_preset=\u00a0\u00bbdefault\u00a0\u00bb global_colors_info=\u00a0\u00bb{}\u00a0\u00bb][et_pb_text _builder_version=\u00a0\u00bb4.27.0&Prime; _module_preset=\u00a0\u00bbdefault\u00a0\u00bb text_text_color=\u00a0\u00bb#033b5c\u00a0\u00bb global_colors_info=\u00a0\u00bb{}\u00a0\u00bb]<\/p>\n<p><strong>JAL Sophrologie<\/strong><\/p>\n<p><strong>Janetta Arp-Lemaignen E.I.<\/strong><\/p>\n<p><em>Sophrologue certifi\u00e9e, s<\/em><em>p\u00e9cialis\u00e9e en gestion du stress<\/em><\/p>\n<p>Cabinet\u00a0: 38 avenue de Creil, 60300 Senlis (sur rendez-vous uniquement)<\/p>\n<p>[\/et_pb_text][\/et_pb_column][et_pb_column type=\u00a0\u00bb1_2&Prime; _builder_version=\u00a0\u00bb4.27.0&Prime; _module_preset=\u00a0\u00bbdefault\u00a0\u00bb global_colors_info=\u00a0\u00bb{}\u00a0\u00bb][et_pb_text _builder_version=\u00a0\u00bb4.27.0&Prime; _module_preset=\u00a0\u00bbdefault\u00a0\u00bb text_text_color=\u00a0\u00bb#033b5c\u00a0\u00bb global_colors_info=\u00a0\u00bb{}\u00a0\u00bb]<\/p>\n<p>T\u00e9l.\u00a0: 06 07 96 39 23<\/p>\n<p>E-mail\u00a0: <a href=\"mailto:jal.sophrologue@gmail.com\">jal.sophrologue@gmail.com<\/a><\/p>\n<p>Site web : <a href=\"http:\/\/www.jal-sophrologue.com\" target=\"_blank\" rel=\"noopener\">www.jal-sophrologue.com<\/a><\/p>\n<p>Facebook : <a href=\"https:\/\/www.facebook.com\/profile.php?id=61556892414124\" target=\"_blank\" rel=\"noopener\">JAL Sophrologie<\/a><\/p>\n<p>[\/et_pb_text][\/et_pb_column][\/et_pb_row][et_pb_row column_structure=\u00a0\u00bb1_2,1_2&Prime; _builder_version=\u00a0\u00bb4.27.0&Prime; _module_preset=\u00a0\u00bbdefault\u00a0\u00bb custom_padding=\u00a0\u00bb72px|||||\u00a0\u00bb global_colors_info=\u00a0\u00bb{}\u00a0\u00bb][et_pb_column type=\u00a0\u00bb1_2&Prime; _builder_version=\u00a0\u00bb4.27.0&Prime; _module_preset=\u00a0\u00bbdefault\u00a0\u00bb global_colors_info=\u00a0\u00bb{}\u00a0\u00bb][et_pb_text _builder_version=\u00a0\u00bb4.27.0&Prime; _module_preset=\u00a0\u00bbdefault\u00a0\u00bb text_text_color=\u00a0\u00bb#033b5c\u00a0\u00bb global_colors_info=\u00a0\u00bb{}\u00a0\u00bb]<\/p>\n<h2><strong>Prendre rendez-vous<\/strong><\/h2>\n<p>&nbsp;<\/p>\n<p>Vous pouvez <strong>prendre rendez-vous en envoyant un e-mail<\/strong> \u00e0 <a href=\"mailto:jal.sophrologue@gmail.com\">jal.sophrologue@gmail.com<\/a> ou en envoyant un SMS ou en m\u2019appelant directement au\u00a0: 06 07 96 39 23. Je vous r\u00e9pondrai rapidement pour convenir d\u2019un cr\u00e9neau.<\/p>\n<p>[\/et_pb_text][\/et_pb_column][et_pb_column type=\u00a0\u00bb1_2&Prime; _builder_version=\u00a0\u00bb4.27.0&Prime; _module_preset=\u00a0\u00bbdefault\u00a0\u00bb global_colors_info=\u00a0\u00bb{}\u00a0\u00bb][et_pb_text _builder_version=\u00a0\u00bb4.27.0&Prime; _module_preset=\u00a0\u00bbdefault\u00a0\u00bb text_text_color=\u00a0\u00bb#033b5c\u00a0\u00bb global_colors_info=\u00a0\u00bb{}\u00a0\u00bb]<\/p>\n<h2><strong>Appel de d\u00e9couverte gratuit<\/strong><\/h2>\n<p>&nbsp;<\/p>\n<p>J\u2019offre un<strong> appel de d\u00e9couverte gratuit de 15 minutes<\/strong> pour vous permettre de poser toutes vos questions et d\u2019en savoir plus sur la sophrologie. Cet appel est une excellente opportunit\u00e9 pour discuter de vos besoins et d\u00e9couvrir comment je peux vous aider.<\/p>\n<p><strong>R\u00e9servez d\u00e8s maintenant votre cr\u00e9neau <a href=\"https:\/\/calendly.com\/jal-sophrologue\/appel-de-decouverte-de-15-minutes-gratuit\" target=\"_blank\" rel=\"noopener\">ici <\/a>.<\/strong><\/p>\n<p>[\/et_pb_text][\/et_pb_column][\/et_pb_row][et_pb_row _builder_version=\u00a0\u00bb4.27.0&Prime; _module_preset=\u00a0\u00bbdefault\u00a0\u00bb custom_padding=\u00a0\u00bb37px|||||\u00a0\u00bb global_colors_info=\u00a0\u00bb{}\u00a0\u00bb][et_pb_column type=\u00a0\u00bb4_4&Prime; _builder_version=\u00a0\u00bb4.27.0&Prime; _module_preset=\u00a0\u00bbdefault\u00a0\u00bb global_colors_info=\u00a0\u00bb{}\u00a0\u00bb][et_pb_text _builder_version=\u00a0\u00bb4.27.0&Prime; _module_preset=\u00a0\u00bbdefault\u00a0\u00bb text_text_color=\u00a0\u00bb#033b5c\u00a0\u00bb global_colors_info=\u00a0\u00bb{}\u00a0\u00bb]<\/p>\n<h2><strong>Questions fr\u00e9quentes<\/strong><\/h2>\n<p>&nbsp;<\/p>\n<p>Vous trouverez ci-dessous quelques questions fr\u00e9quemment pos\u00e9es. Pour plus de questions fr\u00e9quentes, visitez ma page <a href=\"https:\/\/www.jal-sophrologue.com\/index.php\/faq\" target=\"_blank\" rel=\"noopener\"><strong>FAQ<\/strong><\/a>.<\/p>\n<p><strong><\/strong><\/p>\n<p><strong>Je ne connais pas la sophrologie. Comment savoir si cette m\u00e9thode est faite pour moi ?<\/strong><\/p>\n<p>Je vous propose un appel de d\u00e9couverte gratuit de 15 minutes pour r\u00e9pondre \u00e0 vos questions et discuter de la fa\u00e7on dont la sophrologie pourrait vous \u00eatre b\u00e9n\u00e9fique. C\u2019est l\u2019opportunit\u00e9 id\u00e9ale pour \u00e9changer et voir si cette approche est faite pour vous !<\/p>\n<p>R\u00e9servez votre cr\u00e9neau <a href=\"https:\/\/calendly.com\/jal-sophrologue\/appel-de-decouverte-de-15-minutes-gratuit\" target=\"_blank\" rel=\"noopener\">ici<\/a>. Je vous appellerai \u00e0 l\u2019heure choisie.<\/p>\n<p><strong><\/strong><\/p>\n<p><strong>Premi\u00e8re s\u00e9ance : Ce qu\u2019il faut savoir<\/strong><\/p>\n<p>Pour votre premi\u00e8re s\u00e9ance de sophrologie, il n\u2019y a pas de pr\u00e9paration sp\u00e9cifique n\u00e9cessaire. Il est toutefois conseill\u00e9 de venir avec une tenue confortable. Vous pouvez \u00e9galement r\u00e9fl\u00e9chir \u00e0 vos objectifs et aux aspects de votre vie que vous aimeriez am\u00e9liorer gr\u00e2ce \u00e0 la sophrologie. Pr\u00e9voyez 1h30 pour la premi\u00e8re s\u00e9ance.<\/p>\n<p><strong>\u00a0<\/strong><\/p>\n<p><strong>Comment se d\u00e9roule une s\u00e9ance de sophrologie ?<\/strong><\/p>\n<p>Une s\u00e9ance de sophrologie se d\u00e9roule g\u00e9n\u00e9ralement en trois phases : un temps d\u2019accueil et d\u2019\u00e9coute, des exercices de relaxation dynamique (mouvements doux, respiration contr\u00f4l\u00e9e) et un moment de visualisation positive. La s\u00e9ance se termine par un \u00e9change pour exprimer ses ressentis.<\/p>\n<p>[\/et_pb_text][\/et_pb_column][\/et_pb_row][\/et_pb_section][et_pb_section fb_built=\u00a0\u00bb1&Prime; admin_label=\u00a0\u00bbFooter\u00a0\u00bb _builder_version=\u00a0\u00bb4.27.0&Prime; background_color=\u00a0\u00bb#033b5c\u00a0\u00bb background_image=\u00a0\u00bbhttps:\/\/www.jal-sophrologue.com\/wp-content\/uploads\/2024\/08\/yoga-tile-02.png\u00a0\u00bb background_size=\u00a0\u00bbinitial\u00a0\u00bb background_position=\u00a0\u00bbtop_left\u00a0\u00bb background_repeat=\u00a0\u00bbrepeat\u00a0\u00bb custom_padding=\u00a0\u00bb||0px||false|false\u00a0\u00bb locked=\u00a0\u00bboff\u00a0\u00bb global_colors_info=\u00a0\u00bb{}\u00a0\u00bb][et_pb_row column_structure=\u00a0\u00bb1_4,1_2,1_4&Prime; _builder_version=\u00a0\u00bb4.16&Prime; min_height=\u00a0\u00bb239.6px\u00a0\u00bb custom_margin=\u00a0\u00bb-21px|auto||auto||\u00a0\u00bb custom_padding=\u00a0\u00bb||14px|||\u00a0\u00bb global_colors_info=\u00a0\u00bb{}\u00a0\u00bb][et_pb_column type=\u00a0\u00bb1_4&Prime; _builder_version=\u00a0\u00bb4.16&Prime; global_colors_info=\u00a0\u00bb{}\u00a0\u00bb][et_pb_social_media_follow icon_color=\u00a0\u00bb#24394A\u00a0\u00bb use_icon_font_size=\u00a0\u00bbon\u00a0\u00bb icon_font_size_tablet=\u00a0\u00bb25px\u00a0\u00bb icon_font_size_phone=\u00a0\u00bb20px\u00a0\u00bb icon_font_size_last_edited=\u00a0\u00bboff|desktop\u00a0\u00bb _builder_version=\u00a0\u00bb4.27.0&Prime; background_enable_color=\u00a0\u00bboff\u00a0\u00bb hover_enabled=\u00a0\u00bb0&Prime; border_radii=\u00a0\u00bbon|100px|100px|100px|100px\u00a0\u00bb global_colors_info=\u00a0\u00bb{}\u00a0\u00bb sticky_enabled=\u00a0\u00bb0&Prime;][et_pb_social_media_follow_network social_network=\u00a0\u00bbfacebook\u00a0\u00bb url=\u00a0\u00bbhttps:\/\/www.facebook.com\/profile.php?id=61556892414124&Prime; _builder_version=\u00a0\u00bb4.27.0&Prime; background_color=\u00a0\u00bb#ffffff\u00a0\u00bb background_enable_color=\u00a0\u00bbon\u00a0\u00bb custom_margin=\u00a0\u00bb|4px||4px|false|true\u00a0\u00bb custom_padding=\u00a0\u00bb10px|10px|10px|10px|true|true\u00a0\u00bb hover_enabled=\u00a0\u00bb0&Prime; global_colors_info=\u00a0\u00bb{}\u00a0\u00bb follow_button=\u00a0\u00bboff\u00a0\u00bb url_new_window=\u00a0\u00bbon\u00a0\u00bb sticky_enabled=\u00a0\u00bb0&Prime;]facebook[\/et_pb_social_media_follow_network][\/et_pb_social_media_follow][\/et_pb_column][et_pb_column type=\u00a0\u00bb1_2&Prime; _builder_version=\u00a0\u00bb4.16&Prime; global_colors_info=\u00a0\u00bb{}\u00a0\u00bb][et_pb_text _builder_version=\u00a0\u00bb4.27.0&Prime; _module_preset=\u00a0\u00bbdefault\u00a0\u00bb text_text_color=\u00a0\u00bb#e8e8e8&Prime; global_colors_info=\u00a0\u00bb{}\u00a0\u00bb]<\/p>\n<p><strong>Janetta Arp-Lemaignen E.I.<\/strong><\/p>\n<p><i><span>Sophrologue certifi\u00e9e, <\/span>s<span>p\u00e9cialis\u00e9e en gestion du stress<\/span><\/i><\/p>\n<p>Cabinet\u00a0: 38 avenue de Creil, 60300 Senlis (sur rendez-vous uniquement)<\/p>\n<p>[\/et_pb_text][\/et_pb_column][et_pb_column type=\u00a0\u00bb1_4&Prime; _builder_version=\u00a0\u00bb4.16&Prime; global_colors_info=\u00a0\u00bb{}\u00a0\u00bb][et_pb_text _builder_version=\u00a0\u00bb4.27.0&Prime; _module_preset=\u00a0\u00bbdefault\u00a0\u00bb text_text_color=\u00a0\u00bb#e8e8e8&Prime; global_colors_info=\u00a0\u00bb{}\u00a0\u00bb]<\/p>\n<p><strong>Prenez vos rendez-vous :<br \/><\/strong><\/p>\n<p>Par e-mail : <a href=\"mailto:jal.sophrologue@gmail.com\">jal.sophrologue@gmail.com<\/a><\/p>\n<p>Par SMS\/t\u00e9l\u00e9phone : 06 07 96 39 23<\/p>\n<p>Profitez d\u2019un <a href=\"https:\/\/calendly.com\/jal-sophrologue\/appel-de-decouverte-de-15-minutes-gratuit\" target=\"_blank\" rel=\"noopener\">appel de d\u00e9couverte<\/a> gratuit (15 min.)<\/p>\n<p>[\/et_pb_text][\/et_pb_column][\/et_pb_row][et_pb_row column_structure=\u00a0\u00bb2_3,1_3&Prime; _builder_version=\u00a0\u00bb4.27.0&Prime; _module_preset=\u00a0\u00bbdefault\u00a0\u00bb custom_padding=\u00a0\u00bb||15px|||\u00a0\u00bb global_colors_info=\u00a0\u00bb{}\u00a0\u00bb][et_pb_column type=\u00a0\u00bb2_3&Prime; _builder_version=\u00a0\u00bb4.27.0&Prime; _module_preset=\u00a0\u00bbdefault\u00a0\u00bb global_colors_info=\u00a0\u00bb{}\u00a0\u00bb][et_pb_text _builder_version=\u00a0\u00bb4.27.0&Prime; _module_preset=\u00a0\u00bbdefault\u00a0\u00bb text_text_color=\u00a0\u00bb#e8e8e8&Prime; global_colors_info=\u00a0\u00bb{}\u00a0\u00bb]<\/p>\n<p>\u00a92024 JAL Sophrologie. Tous droits r\u00e9serv\u00e9s.<\/p>\n<p>&nbsp;<\/p>\n<p>[\/et_pb_text][\/et_pb_column][et_pb_column type=\u00a0\u00bb1_3&Prime; _builder_version=\u00a0\u00bb4.27.0&Prime; _module_preset=\u00a0\u00bbdefault\u00a0\u00bb global_colors_info=\u00a0\u00bb{}\u00a0\u00bb][\/et_pb_column][\/et_pb_row][\/et_pb_section]<\/p>\n","protected":false},"excerpt":{"rendered":"<p>JAL Sophrologie : votre sophrologue \u00e0 Senlis, sp\u00e9cialiste en gestion du stress &nbsp; Vous cherchez une m\u00e9thode douce et efficace pour mieux g\u00e9rer votre stress au quotidien ? En tant que sophrologue \u00e0 Senlis, je suis sp\u00e9cialis\u00e9e dans l\u2019accompagnement des adultes souhaitant retrouver calme et s\u00e9r\u00e9nit\u00e9. La sophrologie, \u00e0 travers des techniques de relaxation et [&hellip;]<\/p>\n","protected":false},"author":1,"featured_media":0,"parent":0,"menu_order":0,"comment_status":"closed","ping_status":"closed","template":"","meta":{"_et_pb_use_builder":"on","_et_pb_old_content":"","_et_gb_content_width":"","_monsterinsights_skip_tracking":false,"_monsterinsights_sitenote_active":false,"_monsterinsights_sitenote_note":"","_monsterinsights_sitenote_category":0,"_themeisle_gutenberg_block_has_review":false,"footnotes":""},"class_list":["post-110","page","type-page","status-publish","hentry"],"yoast_head":"<!-- This site is optimized with the Yoast SEO plugin v24.5 - https:\/\/yoast.com\/wordpress\/plugins\/seo\/ -->\n<title>Contact JAL Sophrologie : Coordonn\u00e9es et Prise de Rendez-Vous<\/title>\n<meta name=\"description\" content=\"D\u00e9couvrez toutes les informations pour me contacter. B\u00e9n\u00e9ficiez d\u2019un appel de d\u00e9couverte gratuit ou r\u00e9servez directement votre s\u00e9ance de sophrologie.\" \/>\n<meta name=\"robots\" content=\"index, follow, max-snippet:-1, max-image-preview:large, max-video-preview:-1\" \/>\n<link rel=\"canonical\" href=\"https:\/\/www.jal-sophrologue.com\/index.php\/contact-et-rendez-vous\/\" \/>\n<meta property=\"og:locale\" content=\"fr_FR\" \/>\n<meta property=\"og:type\" content=\"article\" \/>\n<meta property=\"og:title\" content=\"Contact JAL Sophrologie : Coordonn\u00e9es et Prise de Rendez-Vous\" \/>\n<meta property=\"og:description\" content=\"D\u00e9couvrez toutes les informations pour me contacter. B\u00e9n\u00e9ficiez d\u2019un appel de d\u00e9couverte gratuit ou r\u00e9servez directement votre s\u00e9ance de sophrologie.\" \/>\n<meta property=\"og:url\" content=\"https:\/\/www.jal-sophrologue.com\/index.php\/contact-et-rendez-vous\/\" \/>\n<meta property=\"og:site_name\" content=\"JAL Sophrologie\" \/>\n<meta property=\"article:publisher\" content=\"https:\/\/www.facebook.com\/profile.php?id=61556892414124\" \/>\n<meta property=\"article:modified_time\" content=\"2024-09-19T10:07:45+00:00\" \/>\n<meta name=\"twitter:card\" content=\"summary_large_image\" \/>\n<meta name=\"twitter:label1\" content=\"Dur\u00e9e de lecture estim\u00e9e\" \/>\n\t<meta name=\"twitter:data1\" content=\"2 minutes\" \/>\n<script type=\"application\/ld+json\" class=\"yoast-schema-graph\">{\"@context\":\"https:\/\/schema.org\",\"@graph\":[{\"@type\":\"WebPage\",\"@id\":\"https:\/\/www.jal-sophrologue.com\/index.php\/contact-et-rendez-vous\/\",\"url\":\"https:\/\/www.jal-sophrologue.com\/index.php\/contact-et-rendez-vous\/\",\"name\":\"Contact JAL Sophrologie : Coordonn\u00e9es et Prise de Rendez-Vous\",\"isPartOf\":{\"@id\":\"https:\/\/www.jal-sophrologue.com\/#website\"},\"datePublished\":\"2024-08-16T10:04:08+00:00\",\"dateModified\":\"2024-09-19T10:07:45+00:00\",\"description\":\"D\u00e9couvrez toutes les informations pour me contacter. B\u00e9n\u00e9ficiez d\u2019un appel de d\u00e9couverte gratuit ou r\u00e9servez directement votre s\u00e9ance de sophrologie.\",\"breadcrumb\":{\"@id\":\"https:\/\/www.jal-sophrologue.com\/index.php\/contact-et-rendez-vous\/#breadcrumb\"},\"inLanguage\":\"fr-FR\",\"potentialAction\":[{\"@type\":\"ReadAction\",\"target\":[\"https:\/\/www.jal-sophrologue.com\/index.php\/contact-et-rendez-vous\/\"]}]},{\"@type\":\"BreadcrumbList\",\"@id\":\"https:\/\/www.jal-sophrologue.com\/index.php\/contact-et-rendez-vous\/#breadcrumb\",\"itemListElement\":[{\"@type\":\"ListItem\",\"position\":1,\"name\":\"Accueil\",\"item\":\"https:\/\/www.jal-sophrologue.com\/\"},{\"@type\":\"ListItem\",\"position\":2,\"name\":\"Contact\"}]},{\"@type\":\"WebSite\",\"@id\":\"https:\/\/www.jal-sophrologue.com\/#website\",\"url\":\"https:\/\/www.jal-sophrologue.com\/\",\"name\":\"JAL Sophrologie\",\"description\":\"Retrouvez une vie sereine gr\u00e2ce \u00e0 la sophrologie\",\"publisher\":{\"@id\":\"https:\/\/www.jal-sophrologue.com\/#\/schema\/person\/db9faca04044c7cf7194e9f9e8a1d076\"},\"potentialAction\":[{\"@type\":\"SearchAction\",\"target\":{\"@type\":\"EntryPoint\",\"urlTemplate\":\"https:\/\/www.jal-sophrologue.com\/?s={search_term_string}\"},\"query-input\":{\"@type\":\"PropertyValueSpecification\",\"valueRequired\":true,\"valueName\":\"search_term_string\"}}],\"inLanguage\":\"fr-FR\"},{\"@type\":[\"Person\",\"Organization\"],\"@id\":\"https:\/\/www.jal-sophrologue.com\/#\/schema\/person\/db9faca04044c7cf7194e9f9e8a1d076\",\"name\":\"adminso8180\",\"image\":{\"@type\":\"ImageObject\",\"inLanguage\":\"fr-FR\",\"@id\":\"https:\/\/www.jal-sophrologue.com\/#\/schema\/person\/image\/\",\"url\":\"https:\/\/www.jal-sophrologue.com\/wp-content\/uploads\/2024\/08\/Plume-1.jpg\",\"contentUrl\":\"https:\/\/www.jal-sophrologue.com\/wp-content\/uploads\/2024\/08\/Plume-1.jpg\",\"width\":960,\"height\":686,\"caption\":\"adminso8180\"},\"logo\":{\"@id\":\"https:\/\/www.jal-sophrologue.com\/#\/schema\/person\/image\/\"},\"sameAs\":[\"https:\/\/www.jal-sophrologue.com\",\"https:\/\/www.facebook.com\/profile.php?id=61556892414124\",\"https:\/\/www.linkedin.com\/in\/janetta-arp-lemaignen-78617b15\/\"]}]}<\/script>\n<!-- \/ Yoast SEO plugin. -->","yoast_head_json":{"title":"Contact JAL Sophrologie : Coordonn\u00e9es et Prise de Rendez-Vous","description":"D\u00e9couvrez toutes les informations pour me contacter. B\u00e9n\u00e9ficiez d\u2019un appel de d\u00e9couverte gratuit ou r\u00e9servez directement votre s\u00e9ance de sophrologie.","robots":{"index":"index","follow":"follow","max-snippet":"max-snippet:-1","max-image-preview":"max-image-preview:large","max-video-preview":"max-video-preview:-1"},"canonical":"https:\/\/www.jal-sophrologue.com\/index.php\/contact-et-rendez-vous\/","og_locale":"fr_FR","og_type":"article","og_title":"Contact JAL Sophrologie : Coordonn\u00e9es et Prise de Rendez-Vous","og_description":"D\u00e9couvrez toutes les informations pour me contacter. B\u00e9n\u00e9ficiez d\u2019un appel de d\u00e9couverte gratuit ou r\u00e9servez directement votre s\u00e9ance de sophrologie.","og_url":"https:\/\/www.jal-sophrologue.com\/index.php\/contact-et-rendez-vous\/","og_site_name":"JAL Sophrologie","article_publisher":"https:\/\/www.facebook.com\/profile.php?id=61556892414124","article_modified_time":"2024-09-19T10:07:45+00:00","twitter_card":"summary_large_image","twitter_misc":{"Dur\u00e9e de lecture estim\u00e9e":"2 minutes"},"schema":{"@context":"https:\/\/schema.org","@graph":[{"@type":"WebPage","@id":"https:\/\/www.jal-sophrologue.com\/index.php\/contact-et-rendez-vous\/","url":"https:\/\/www.jal-sophrologue.com\/index.php\/contact-et-rendez-vous\/","name":"Contact JAL Sophrologie : Coordonn\u00e9es et Prise de Rendez-Vous","isPartOf":{"@id":"https:\/\/www.jal-sophrologue.com\/#website"},"datePublished":"2024-08-16T10:04:08+00:00","dateModified":"2024-09-19T10:07:45+00:00","description":"D\u00e9couvrez toutes les informations pour me contacter. B\u00e9n\u00e9ficiez d\u2019un appel de d\u00e9couverte gratuit ou r\u00e9servez directement votre s\u00e9ance de sophrologie.","breadcrumb":{"@id":"https:\/\/www.jal-sophrologue.com\/index.php\/contact-et-rendez-vous\/#breadcrumb"},"inLanguage":"fr-FR","potentialAction":[{"@type":"ReadAction","target":["https:\/\/www.jal-sophrologue.com\/index.php\/contact-et-rendez-vous\/"]}]},{"@type":"BreadcrumbList","@id":"https:\/\/www.jal-sophrologue.com\/index.php\/contact-et-rendez-vous\/#breadcrumb","itemListElement":[{"@type":"ListItem","position":1,"name":"Accueil","item":"https:\/\/www.jal-sophrologue.com\/"},{"@type":"ListItem","position":2,"name":"Contact"}]},{"@type":"WebSite","@id":"https:\/\/www.jal-sophrologue.com\/#website","url":"https:\/\/www.jal-sophrologue.com\/","name":"JAL Sophrologie","description":"Retrouvez une vie sereine gr\u00e2ce \u00e0 la sophrologie","publisher":{"@id":"https:\/\/www.jal-sophrologue.com\/#\/schema\/person\/db9faca04044c7cf7194e9f9e8a1d076"},"potentialAction":[{"@type":"SearchAction","target":{"@type":"EntryPoint","urlTemplate":"https:\/\/www.jal-sophrologue.com\/?s={search_term_string}"},"query-input":{"@type":"PropertyValueSpecification","valueRequired":true,"valueName":"search_term_string"}}],"inLanguage":"fr-FR"},{"@type":["Person","Organization"],"@id":"https:\/\/www.jal-sophrologue.com\/#\/schema\/person\/db9faca04044c7cf7194e9f9e8a1d076","name":"adminso8180","image":{"@type":"ImageObject","inLanguage":"fr-FR","@id":"https:\/\/www.jal-sophrologue.com\/#\/schema\/person\/image\/","url":"https:\/\/www.jal-sophrologue.com\/wp-content\/uploads\/2024\/08\/Plume-1.jpg","contentUrl":"https:\/\/www.jal-sophrologue.com\/wp-content\/uploads\/2024\/08\/Plume-1.jpg","width":960,"height":686,"caption":"adminso8180"},"logo":{"@id":"https:\/\/www.jal-sophrologue.com\/#\/schema\/person\/image\/"},"sameAs":["https:\/\/www.jal-sophrologue.com","https:\/\/www.facebook.com\/profile.php?id=61556892414124","https:\/\/www.linkedin.com\/in\/janetta-arp-lemaignen-78617b15\/"]}]}},"_links":{"self":[{"href":"https:\/\/www.jal-sophrologue.com\/index.php\/wp-json\/wp\/v2\/pages\/110","targetHints":{"allow":["GET"]}}],"collection":[{"href":"https:\/\/www.jal-sophrologue.com\/index.php\/wp-json\/wp\/v2\/pages"}],"about":[{"href":"https:\/\/www.jal-sophrologue.com\/index.php\/wp-json\/wp\/v2\/types\/page"}],"author":[{"embeddable":true,"href":"https:\/\/www.jal-sophrologue.com\/index.php\/wp-json\/wp\/v2\/users\/1"}],"replies":[{"embeddable":true,"href":"https:\/\/www.jal-sophrologue.com\/index.php\/wp-json\/wp\/v2\/comments?post=110"}],"version-history":[{"count":26,"href":"https:\/\/www.jal-sophrologue.com\/index.php\/wp-json\/wp\/v2\/pages\/110\/revisions"}],"predecessor-version":[{"id":543,"href":"https:\/\/www.jal-sophrologue.com\/index.php\/wp-json\/wp\/v2\/pages\/110\/revisions\/543"}],"wp:attachment":[{"href":"https:\/\/www.jal-sophrologue.com\/index.php\/wp-json\/wp\/v2\/media?parent=110"}],"curies":[{"name":"wp","href":"https:\/\/api.w.org\/{rel}","templated":true}]}}